{"id":9,"date":"2018-01-30T17:39:12","date_gmt":"2018-01-30T16:39:12","guid":{"rendered":"http:\/\/pwd.drwinia.pl\/?page_id=9"},"modified":"2024-08-27T22:09:41","modified_gmt":"2024-08-27T20:09:41","slug":"kontakt","status":"publish","type":"page","link":"https:\/\/pwd.drwinia.pl\/?page_id=9","title":{"rendered":"Kontakt"},"content":{"rendered":"<p>Plac\u00f3wka Wsparcia Dziennego dla Dzieci i M\u0142odzie\u017cy w Niedarach<\/p>\n<p>Adres:\u00a0 Niedary 24, 32-813 U\u015bcie Solne<\/p>\n<p>e-mail:\u00a0 pwd@drwinia.pl<\/p>\n<p>Tel.: 14 674 02 24<\/p>\n<p>&nbsp;<\/p>\n<p>GODZINY<\/p>\n<p>Poniedzia\u0142ek\u2014sobota: 08:00\u201319:00<\/p>\n","protected":false},"excerpt":{"rendered":"<p>Plac\u00f3wka Wsparcia Dziennego dla Dzieci i M\u0142odzie\u017cy w Niedarach Adres:\u00a0 Niedary 24, 32-813 U\u015bcie Solne e-mail:\u00a0 pwd@drwinia.pl Tel.: 14 674 02 24 &nbsp; GODZINY Poniedzia\u0142ek\u2014sobota: 08:00\u201319:00<\/p>\n","protected":false},"author":1,"featured_media":0,"parent":0,"menu_order":0,"comment_status":"closed","ping_status":"closed","template":"","meta":{"footnotes":""},"class_list":["post-9","page","type-page","status-publish","hentry"],"_links":{"self":[{"href":"https:\/\/pwd.drwinia.pl\/index.php?rest_route=\/wp\/v2\/pages\/9","targetHints":{"allow":["GET"]}}],"collection":[{"href":"https:\/\/pwd.drwinia.pl\/index.php?rest_route=\/wp\/v2\/pages"}],"about":[{"href":"https:\/\/pwd.drwinia.pl\/index.php?rest_route=\/wp\/v2\/types\/page"}],"author":[{"embeddable":true,"href":"https:\/\/pwd.drwinia.pl\/index.php?rest_route=\/wp\/v2\/users\/1"}],"replies":[{"embeddable":true,"href":"https:\/\/pwd.drwinia.pl\/index.php?rest_route=%2Fwp%2Fv2%2Fcomments&post=9"}],"version-history":[{"count":14,"href":"https:\/\/pwd.drwinia.pl\/index.php?rest_route=\/wp\/v2\/pages\/9\/revisions"}],"predecessor-version":[{"id":1658,"href":"https:\/\/pwd.drwinia.pl\/index.php?rest_route=\/wp\/v2\/pages\/9\/revisions\/1658"}],"wp:attachment":[{"href":"https:\/\/pwd.drwinia.pl\/index.php?rest_route=%2Fwp%2Fv2%2Fmedia&parent=9"}],"curies":[{"name":"wp","href":"https:\/\/api.w.org\/{rel}","templated":true}]}}