{"id":421,"date":"2019-06-14T12:00:35","date_gmt":"2019-06-14T10:00:35","guid":{"rendered":"http:\/\/www.pwd.drwinia.pl\/?page_id=421"},"modified":"2021-07-20T10:53:31","modified_gmt":"2021-07-20T08:53:31","slug":"zamowienia-publiczne-ponizej-kwoty-30-000-euro","status":"publish","type":"page","link":"https:\/\/pwd.drwinia.pl\/?page_id=421","title":{"rendered":"Zam\u00f3wienia publiczne poni\u017cej kwoty 30 000 euro"},"content":{"rendered":"<p>1. <a href=\"https:\/\/pwd.drwinia.pl\/?p=1361\">Rozeznanie cenowe: \u201eUs\u0142uga organizacji koloni letniej w roku 2021 dla podopiecznych Plac\u00f3wki Wsparcia Dziennego dla Dzieci i M\u0142odzie\u017cy w Niedarach, Gmina Drwinia\u201d<\/a><\/p>\n<p><a href=\"https:\/\/archiwum-bazakonkurencyjnosci.funduszeeuropejskie.gov.pl\/publication\/view\/1194740\">2. Og\u0142oszenie o zam\u00f3wieniu &#8211; Us\u0142uga dowozu i odwozu uczestnik\u00f3w projektu pn. \u201eUtworzenie plac\u00f3wki wsparcia dziennego dla dzieci i m\u0142odzie\u017cy w Gminie Drwinia\u201d<\/a><\/p>\n<p>&nbsp;<\/p>\n","protected":false},"excerpt":{"rendered":"<p>1. Rozeznanie cenowe: \u201eUs\u0142uga organizacji koloni letniej w roku 2021 dla podopiecznych Plac\u00f3wki Wsparcia Dziennego dla Dzieci i M\u0142odzie\u017cy w Niedarach, Gmina Drwinia\u201d 2. Og\u0142oszenie o zam\u00f3wieniu &#8211; Us\u0142uga dowozu i odwozu uczestnik\u00f3w projektu pn. \u201eUtworzenie plac\u00f3wki wsparcia dziennego dla dzieci i m\u0142odzie\u017cy w Gminie Drwinia\u201d &nbsp;<\/p>\n","protected":false},"author":1,"featured_media":0,"parent":0,"menu_order":0,"comment_status":"closed","ping_status":"closed","template":"","meta":{"footnotes":""},"class_list":["post-421","page","type-page","status-publish","hentry"],"_links":{"self":[{"href":"https:\/\/pwd.drwinia.pl\/index.php?rest_route=\/wp\/v2\/pages\/421","targetHints":{"allow":["GET"]}}],"collection":[{"href":"https:\/\/pwd.drwinia.pl\/index.php?rest_route=\/wp\/v2\/pages"}],"about":[{"href":"https:\/\/pwd.drwinia.pl\/index.php?rest_route=\/wp\/v2\/types\/page"}],"author":[{"embeddable":true,"href":"https:\/\/pwd.drwinia.pl\/index.php?rest_route=\/wp\/v2\/users\/1"}],"replies":[{"embeddable":true,"href":"https:\/\/pwd.drwinia.pl\/index.php?rest_route=%2Fwp%2Fv2%2Fcomments&post=421"}],"version-history":[{"count":4,"href":"https:\/\/pwd.drwinia.pl\/index.php?rest_route=\/wp\/v2\/pages\/421\/revisions"}],"predecessor-version":[{"id":1364,"href":"https:\/\/pwd.drwinia.pl\/index.php?rest_route=\/wp\/v2\/pages\/421\/revisions\/1364"}],"wp:attachment":[{"href":"https:\/\/pwd.drwinia.pl\/index.php?rest_route=%2Fwp%2Fv2%2Fmedia&parent=421"}],"curies":[{"name":"wp","href":"https:\/\/api.w.org\/{rel}","templated":true}]}}