{"id":419,"date":"2019-06-14T12:00:10","date_gmt":"2019-06-14T10:00:10","guid":{"rendered":"http:\/\/www.pwd.drwinia.pl\/?page_id=419"},"modified":"2021-04-30T18:09:14","modified_gmt":"2021-04-30T16:09:14","slug":"zamowienia-publiczne-powyzej-kwoty-30-000-euro","status":"publish","type":"page","link":"https:\/\/pwd.drwinia.pl\/?page_id=419","title":{"rendered":"Zam\u00f3wienia publiczne powy\u017cej kwoty 30 000 euro"},"content":{"rendered":"<ol>\n<li><a href=\"https:\/\/pwd.drwinia.pl\/?p=794\">Og\u0142oszenie o zam\u00f3wieniu \u2013 us\u0142ugi spo\u0142eczne \u2013 Organizacja czasu wolnego, zabawy i zaj\u0119\u0107 sportowych oraz rozwoju zainteresowa\u0144 dla podopiecznych Plac\u00f3wki Wsparcia Dziennego dla Dzieci i M\u0142odzie\u017cy w Niedarach w wieku 6-18 lat, na terenie Gminy Drwinia<\/a><\/li>\n<li><a href=\"http:\/\/przetargi.propublico.pl\/OgloszeniaSzczegoly.aspx?MasterPage=EmptyMasterPage&amp;id=48041\" target=\"_blank\" rel=\"noopener noreferrer\">Us\u0142uga organizacji kolonii letniej w roku 2020 dla podopiecznych Plac\u00f3wki Wsparcia Dziennego dla Dzieci i M\u0142odzie\u017cy w Niedarach, Gmina Drwinia<\/a><\/li>\n<li><a href=\"https:\/\/pwd.drwinia.pl\/?p=693\">Og\u0142oszenie o zam\u00f3wieniu \u2013 us\u0142ugi spo\u0142eczne \u2013 Prowadzenie zaj\u0119ci opieku\u0144czo \u2013 specjalistycznych w latach 2019-2021 dla podopiecznych Plac\u00f3wki Wsparcia Dziennego dla Dzieci i M\u0142odzie\u017cy w Niedarach, Gmina Drwinia<\/a><\/li>\n<li><a href=\"http:\/\/przetargi.propublico.pl\/OgloszeniaSzczegoly.aspx?MasterPage=EmptyMasterPage&amp;id=47115\">&#8222;Us\u0142uga organizacji wypoczynku letniego oraz zimowisk w latach 2019-2021 dla dzieci i m\u0142odzie\u017cy w wieku 7-18 lat tj. podopiecznych Plac\u00f3wki Wsparcia Dziennego dla Dzieci i M\u0142odzie\u017cy w Niedarach, Gmina Drwinia<\/a><\/li>\n<li style=\"text-align: left;\"><a href=\"http:\/\/przetargi.propublico.pl\/OgloszeniaSzczegoly.aspx?MasterPage=EmptyMasterPage&amp;id=46792\">Us\u0142uga organizacji wyjazd\u00f3w warsztatowych, wycieczek jednodniowych, wypoczynku letniego oraz zimowisk w latach 2019-2021 dla dzieci i m\u0142odzie\u017cy w wieku 7-18 lat tj. podopiecznych Plac\u00f3wki Wsparcia Dziennego dla Dzieci i M\u0142odzie\u017cy w Niedarach, Gmina Drwinia<\/a><\/li>\n<li><a href=\"https:\/\/pwd.drwinia.pl\/?p=440\">Og\u0142oszenie o zam\u00f3wieniu \u2013 us\u0142ugi spo\u0142eczne \u2013 Us\u0142uga cateringowa dla Plac\u00f3wki Wsparcia Dziennego dla Dzieci i M\u0142odzie\u017cy w Niedarach, Gmina Drwinia<\/a><\/li>\n<li><a href=\"http:\/\/przetargi.propublico.pl\/OgloszeniaSzczegoly.aspx?MasterPage=EmptyMasterPage&amp;id=45928\" target=\"_blank\" rel=\"noopener noreferrer\">&#8222;Dostawa i monta\u017c wyposa\u017cenia Plac\u00f3wki Wsparcia Dziennego dla Dzieci i M\u0142odzie\u017cy w miejscowo\u015bci Niedary, Gmina Drwinia&#8221; &#8211; Zadanie nr 1 i Zadanie nr 2 <\/a><\/li>\n<li><a href=\"http:\/\/przetargi.propublico.pl\/OgloszeniaSzczegoly.aspx?MasterPage=EmptyMasterPage&amp;id=45439\" target=\"_blank\" rel=\"noopener noreferrer\">\u201eDostawa i monta\u017c wyposa\u017cenia Plac\u00f3wki Wsparcia Dziennego dla Dzieci i M\u0142odzie\u017cy w miejscowo\u015bci Niedary, Gmina Drwinia\u201d<\/a><\/li>\n<\/ol>\n","protected":false},"excerpt":{"rendered":"<p>Og\u0142oszenie o zam\u00f3wieniu \u2013 us\u0142ugi spo\u0142eczne \u2013 Organizacja czasu wolnego, zabawy i zaj\u0119\u0107 sportowych oraz rozwoju zainteresowa\u0144 dla podopiecznych Plac\u00f3wki Wsparcia Dziennego dla Dzieci i M\u0142odzie\u017cy w Niedarach w wieku 6-18 lat, na terenie Gminy Drwinia Us\u0142uga organizacji kolonii letniej w roku 2020 dla podopiecznych Plac\u00f3wki Wsparcia Dziennego dla Dzieci i M\u0142odzie\u017cy w Niedarach, Gmina &hellip; <\/p>\n<p class=\"link-more\"><a href=\"https:\/\/pwd.drwinia.pl\/?page_id=419\" class=\"more-link\">Czytaj dalej<span class=\"screen-reader-text\"> \u201eZam\u00f3wienia publiczne powy\u017cej kwoty 30 000 euro\u201d<\/span><\/a><\/p>\n","protected":false},"author":1,"featured_media":0,"parent":0,"menu_order":0,"comment_status":"closed","ping_status":"closed","template":"","meta":{"footnotes":""},"class_list":["post-419","page","type-page","status-publish","hentry"],"_links":{"self":[{"href":"https:\/\/pwd.drwinia.pl\/index.php?rest_route=\/wp\/v2\/pages\/419","targetHints":{"allow":["GET"]}}],"collection":[{"href":"https:\/\/pwd.drwinia.pl\/index.php?rest_route=\/wp\/v2\/pages"}],"about":[{"href":"https:\/\/pwd.drwinia.pl\/index.php?rest_route=\/wp\/v2\/types\/page"}],"author":[{"embeddable":true,"href":"https:\/\/pwd.drwinia.pl\/index.php?rest_route=\/wp\/v2\/users\/1"}],"replies":[{"embeddable":true,"href":"https:\/\/pwd.drwinia.pl\/index.php?rest_route=%2Fwp%2Fv2%2Fcomments&post=419"}],"version-history":[{"count":11,"href":"https:\/\/pwd.drwinia.pl\/index.php?rest_route=\/wp\/v2\/pages\/419\/revisions"}],"predecessor-version":[{"id":1098,"href":"https:\/\/pwd.drwinia.pl\/index.php?rest_route=\/wp\/v2\/pages\/419\/revisions\/1098"}],"wp:attachment":[{"href":"https:\/\/pwd.drwinia.pl\/index.php?rest_route=%2Fwp%2Fv2%2Fmedia&parent=419"}],"curies":[{"name":"wp","href":"https:\/\/api.w.org\/{rel}","templated":true}]}}