{"id":37,"date":"2018-01-30T17:57:52","date_gmt":"2018-01-30T16:57:52","guid":{"rendered":"http:\/\/pwd.drwinia.pl\/?page_id=37"},"modified":"2021-03-04T11:31:26","modified_gmt":"2021-03-04T10:31:26","slug":"o-projekcie","status":"publish","type":"page","link":"https:\/\/pwd.drwinia.pl\/?page_id=37","title":{"rendered":"O projekcie"},"content":{"rendered":"<p><strong>Tytu\u0142 projektu:<\/strong><br \/>\nUtworzenie plac\u00f3wki wsparcia dziennego dla dzieci i m\u0142odzie\u017cy w Gminie Drwinia<br \/>\n<strong>fundusz:<\/strong><br \/>\nEuropejski Fundusz Spo\u0142eczny<br \/>\n<strong>program:<\/strong><br \/>\nRegionalny Program Operacyjny Wojew\u00f3dztwa Ma\u0142opolskiego na lata 2014-2020<br \/>\n<strong>dzia\u0142anie:<\/strong><br \/>\n9.2. US\u0141UGI SPO\u0141ECZNE I ZDROWOTNE<br \/>\n<strong>poddzia\u0142anie:<\/strong><br \/>\n9.2.1. US\u0141UGI SPO\u0141ECZNE I ZDROWOTNE W REGIONIE<br \/>\n<strong>dziedzina:<\/strong><br \/>\npraca i integracja spo\u0142eczna<br \/>\n<strong>warto\u015b\u0107 projektu:<\/strong><br \/>\n2 840 235,50 z\u0142<br \/>\n<strong>dofinansowanie z Unii Europejskiej:<\/strong><br \/>\n2 414 200,17 z\u0142<br \/>\n<strong>Realizacja :<\/strong><br \/>\n2018-2021<\/p>\n<p>Celem g\u0142\u00f3wnym projektu jest wspieranie rozwoju dzieci i m\u0142odzie\u017cy, wyr\u00f3wnywanie zdiagnozowanych deficyt\u00f3w oraz oddzia\u0142ywanie na \u015brodowisko m\u0142odego cz\u0142owieka, w szczeg\u00f3lno\u015bci zagro\u017cone wykluczeniem spo\u0142ecznym poprzez utworzenie 30 nowych miejsc opieki i wychowania w ramach nowo utworzonej plac\u00f3wce wsparcia dziennego w Gminie Drwinia w miejscowo\u015bci Niedary oraz prowadzenie tej plac\u00f3wki . Utworzenie Plac\u00f3wki Wsparcia Dziennego ma na celu wspieranie dzieci i m\u0142odzie\u017cy w rozwijaniu swoich umiej\u0119tno\u015bci zar\u00f3wno w zakresie edukacji jak i rozwoju interpersonalnego. Plac\u00f3wka powstanie w budynku by\u0142ej szko\u0142y w Niedarach, kt\u00f3ry zostanie wyremontowany i dostosowany do pe\u0142nienia nowej funkcji. B\u0119dzie to przede wszystkim pomoc dla rodziny w opiece nad dzieckiem oraz w jego wychowaniu. Zapewnienie uczestnikom projektu oparcia nie tylko w wychowawcach, ale r\u00f3wnie\u017c w korepetytorach, terapeutach, logopedach, psychologach, kt\u00f3rzy zar\u00f3wno dzieciom jak i rodzicom b\u0119d\u0105 s\u0142u\u017cy\u0107 swoimi umiej\u0119tno\u015bciami, do\u015bwiadczeniem i dobr\u0105 rad\u0105. Rekrutacji do projektu podlega\u0107 b\u0119d\u0105 dzieci i m\u0142odzie\u017c (r\u00f3wnie\u017c osoby niepe\u0142nosprawne) do 18 roku \u017cycia, mieszkaj\u0105ce na terenie gminy Drwinia. Do projektu trwaj\u0105cego 3 lata zostanie zakwalifikowanych \u0142\u0105cznie 100 uczestnik\u00f3w. Udzia\u0142 w projekcie jest dobrowolny i bezp\u0142atny, a uczestnicy b\u0119d\u0105 mieli zapewniony dojazd do plac\u00f3wki oraz ciep\u0142y posi\u0142ek w trakcie zaj\u0119\u0107. Jednocze\u015bnie w zaj\u0119ciach b\u0119dzie mog\u0142o bra\u0107 udzia\u0142 30 os\u00f3b. Dla ka\u017cdego uczestnika projektu zostanie przygotowany indywidualny plan wsparcia, dostosowany do jego predyspozycji. W zale\u017cno\u015bci od potrzeb organizowane b\u0119d\u0105 zaj\u0119cia indywidualne \u2013 korepetycje, spotkania z logoped\u0105, terapeut\u0105 czy psychologiem. Dzieci zakwalifikowane do projektu b\u0119d\u0105 r\u00f3wnie\u017c pracowa\u0107 w grupach. Podczas tych zaj\u0119\u0107 rozwijane b\u0119d\u0105 mi\u0119dzy innymi: kompetencje komputerowe (odrabianie zada\u0144 przy pomocy komputera, podstawy programowania w profesjonalnie wyposa\u017conej sali komputerowej), umiej\u0119tno\u015b\u0107 uczenia si\u0119, porozumiewanie si\u0119 w j\u0119zyku ojczystym i w j\u0119zykach obcych (warsztaty j\u0119zykowe, zaj\u0119cia w profesjonalnie przygotowanej pracowni j\u0119zykowej, wycieczki w z przewodnikiem j\u0119zyka obcego). Uczestnicy zostan\u0105 podzieleni na trzy grupy wiekowe, dla ka\u017cdej grupy zaj\u0119cia organizowane b\u0119d\u0105 cztery razy w tygodniu. Organizowana b\u0119dzie r\u00f3wnie\u017c tzw. podw\u00f3rkowa forma zaj\u0119\u0107. Pedagodzy i instruktorzy zatrudnieni przez Plac\u00f3wk\u0119 Wsparcia Dziennego b\u0119d\u0105 prowadzili w ciekawej formie zaj\u0119cia: rekreacyjne, sportowe, muzyczne, plastyczne, taneczne czy profilaktyczne. Urz\u0105dzane b\u0119d\u0105 te\u017c wycieczki edukacyjne, kolonie letnie i obozy zimowe.<\/p>\n<div style=\"width: 525px;\" class=\"wp-video\"><!--[if lt IE 9]><script>document.createElement('video');<\/script><![endif]-->\n<video class=\"wp-video-shortcode\" id=\"video-37-1\" width=\"525\" height=\"295\" preload=\"metadata\" controls=\"controls\"><source type=\"video\/mp4\" src=\"https:\/\/pwd.drwinia.pl\/wp-content\/uploads\/2021\/03\/drugi-film-A.mp4?_=1\" \/><a href=\"https:\/\/pwd.drwinia.pl\/wp-content\/uploads\/2021\/03\/drugi-film-A.mp4\">https:\/\/pwd.drwinia.pl\/wp-content\/uploads\/2021\/03\/drugi-film-A.mp4<\/a><\/video><\/div>\n","protected":false},"excerpt":{"rendered":"<p>Tytu\u0142 projektu: Utworzenie plac\u00f3wki wsparcia dziennego dla dzieci i m\u0142odzie\u017cy w Gminie Drwinia fundusz: Europejski Fundusz Spo\u0142eczny program: Regionalny Program Operacyjny Wojew\u00f3dztwa Ma\u0142opolskiego na lata 2014-2020 dzia\u0142anie: 9.2. US\u0141UGI SPO\u0141ECZNE I ZDROWOTNE poddzia\u0142anie: 9.2.1. US\u0141UGI SPO\u0141ECZNE I ZDROWOTNE W REGIONIE dziedzina: praca i integracja spo\u0142eczna warto\u015b\u0107 projektu: 2 840 235,50 z\u0142 dofinansowanie z Unii Europejskiej: &hellip; <\/p>\n<p class=\"link-more\"><a href=\"https:\/\/pwd.drwinia.pl\/?page_id=37\" class=\"more-link\">Czytaj dalej<span class=\"screen-reader-text\"> \u201eO projekcie\u201d<\/span><\/a><\/p>\n","protected":false},"author":1,"featured_media":0,"parent":0,"menu_order":0,"comment_status":"closed","ping_status":"closed","template":"","meta":{"footnotes":""},"class_list":["post-37","page","type-page","status-publish","hentry"],"_links":{"self":[{"href":"https:\/\/pwd.drwinia.pl\/index.php?rest_route=\/wp\/v2\/pages\/37","targetHints":{"allow":["GET"]}}],"collection":[{"href":"https:\/\/pwd.drwinia.pl\/index.php?rest_route=\/wp\/v2\/pages"}],"about":[{"href":"https:\/\/pwd.drwinia.pl\/index.php?rest_route=\/wp\/v2\/types\/page"}],"author":[{"embeddable":true,"href":"https:\/\/pwd.drwinia.pl\/index.php?rest_route=\/wp\/v2\/users\/1"}],"replies":[{"embeddable":true,"href":"https:\/\/pwd.drwinia.pl\/index.php?rest_route=%2Fwp%2Fv2%2Fcomments&post=37"}],"version-history":[{"count":14,"href":"https:\/\/pwd.drwinia.pl\/index.php?rest_route=\/wp\/v2\/pages\/37\/revisions"}],"predecessor-version":[{"id":1071,"href":"https:\/\/pwd.drwinia.pl\/index.php?rest_route=\/wp\/v2\/pages\/37\/revisions\/1071"}],"wp:attachment":[{"href":"https:\/\/pwd.drwinia.pl\/index.php?rest_route=%2Fwp%2Fv2%2Fmedia&parent=37"}],"curies":[{"name":"wp","href":"https:\/\/api.w.org\/{rel}","templated":true}]}}