{"id":312,"date":"2019-04-19T13:01:29","date_gmt":"2019-04-19T11:01:29","guid":{"rendered":"http:\/\/www.pwd.drwinia.pl\/?page_id=312"},"modified":"2019-04-19T13:02:33","modified_gmt":"2019-04-19T11:02:33","slug":"klauzula-informacyjna","status":"publish","type":"page","link":"https:\/\/pwd.drwinia.pl\/?page_id=312","title":{"rendered":"Klauzula informacyjna"},"content":{"rendered":"<p>Zgodnie z art. 13 ust. 1 i ust. 2 og\u00f3lnego rozporz\u0105dzenia o ochronie danych osobowych<br \/>\nz dnia 27 kwietnia 2016 r. informuj\u0119, \u017ce:<\/p>\n<p>1) Administratorem danych osobowych jest Plac\u00f3wka Wsparcia Dziennego dla Dzieci i\u00a0M\u0142odzie\u017cy w Niedarach, Niedary 24, 32-813 U\u015bcie Solne reprezentowana przez Kierownika.<\/p>\n<p>2) Zosta\u0142 powo\u0142any inspektor danych osobowych i ma Pani\/Pan prawo kontaktu z nim za pomoc\u0105 adresu e-mail skarbnik.audyt@onet.pl<\/p>\n<p>3) Dane osobowe przetwarzane b\u0119d\u0105 na podstawie:<\/p>\n<p>&#8211;\u00a0art. 6 ust. 1 lit. c) w celu realizacji zada\u0144 ustawowych okre\u015blonych m.in. w Ustawie z dnia 9\u00a0czerwca 2011\u00a0r. o wspieraniu rodziny i\u00a0systemie pieczy zast\u0119pczej,<\/p>\n<p>&#8211;\u00a0art. 6 ust. 1 lit. b) w celu realizacji zawartej z Pani\u0105\/Panem umowy,<\/p>\n<p>&#8211;\u00a0art. 6 ust. 1 lit. a) na podstawie zgody \u2013 wy\u0142\u0105cznie w celu wskazanym w tre\u015bci udzielonej zgody.<\/p>\n<p>4) Odbiorc\u0105 danych osobowych mog\u0105 by\u0107 podmioty upowa\u017cnione na podstawie przepis\u00f3w prawa oraz podmioty, kt\u00f3rym administrator zleca wykonanie czynno\u015bci, z kt\u00f3rymi wi\u0105\u017ce si\u0119 konieczno\u015b\u0107 przetwarzania danych (podmioty przetwarzaj\u0105ce).<\/p>\n<p>5) Dane osobowe nie b\u0119d\u0105 przekazywane do pa\u0144stwa trzeciego\/organizacji mi\u0119dzynarodowej.<\/p>\n<p>6) Dane osobowe b\u0119d\u0105 przechowywane przez okres niezb\u0119dny do realizacji cel\u00f3w, a po tym czasie przez okres wymagany przez przepisy powszechnie obowi\u0105zuj\u0105cego prawa.<\/p>\n<p>7) Przys\u0142uguje Pani\/Panu prawo dost\u0119pu do tre\u015bci danych osobowych oraz prawo ich sprostowania, usuni\u0119cia, ograniczenia przetwarzania, prawo do przenoszenia danych, prawo wniesienia sprzeciwu wobec przetwarzania, prawo do cofni\u0119cia zgody w dowolnym momencie, a tak\u017ce prawo do wniesienia skargi do Prezesa Urz\u0119du Ochrony Danych Osobowych.<\/p>\n<p>8) W sytuacji, gdy przetwarzanie danych osobowych odbywa si\u0119 na podstawie zgody osoby, kt\u00f3rej dane dotycz\u0105, podanie danych osobowych Administratorowi ma charakter dobrowolny.<\/p>\n<p>9) Podanie danych osobowych jest obowi\u0105zkowe w sytuacji, gdy przes\u0142ank\u0119 przetwarzania danych osobowych stanowi przepis prawa lub zawarta mi\u0119dzy stronami umowa.<\/p>\n<p>10) Pani\/Pana dane nie b\u0119d\u0105 przetwarzane w spos\u00f3b zautomatyzowany i nie b\u0119d\u0105 podlega\u0142y automatycznego profilowaniu.<\/p>\n<p><strong><em>\u00a0<\/em><\/strong><\/p>\n<p>&nbsp;<\/p>\n","protected":false},"excerpt":{"rendered":"<p>Zgodnie z art. 13 ust. 1 i ust. 2 og\u00f3lnego rozporz\u0105dzenia o ochronie danych osobowych z dnia 27 kwietnia 2016 r. informuj\u0119, \u017ce: 1) Administratorem danych osobowych jest Plac\u00f3wka Wsparcia Dziennego dla Dzieci i\u00a0M\u0142odzie\u017cy w Niedarach, Niedary 24, 32-813 U\u015bcie Solne reprezentowana przez Kierownika. 2) Zosta\u0142 powo\u0142any inspektor danych osobowych i ma Pani\/Pan prawo kontaktu &hellip; <\/p>\n<p class=\"link-more\"><a href=\"https:\/\/pwd.drwinia.pl\/?page_id=312\" class=\"more-link\">Czytaj dalej<span class=\"screen-reader-text\"> \u201eKlauzula informacyjna\u201d<\/span><\/a><\/p>\n","protected":false},"author":1,"featured_media":0,"parent":0,"menu_order":0,"comment_status":"closed","ping_status":"closed","template":"","meta":{"footnotes":""},"class_list":["post-312","page","type-page","status-publish","hentry"],"_links":{"self":[{"href":"https:\/\/pwd.drwinia.pl\/index.php?rest_route=\/wp\/v2\/pages\/312","targetHints":{"allow":["GET"]}}],"collection":[{"href":"https:\/\/pwd.drwinia.pl\/index.php?rest_route=\/wp\/v2\/pages"}],"about":[{"href":"https:\/\/pwd.drwinia.pl\/index.php?rest_route=\/wp\/v2\/types\/page"}],"author":[{"embeddable":true,"href":"https:\/\/pwd.drwinia.pl\/index.php?rest_route=\/wp\/v2\/users\/1"}],"replies":[{"embeddable":true,"href":"https:\/\/pwd.drwinia.pl\/index.php?rest_route=%2Fwp%2Fv2%2Fcomments&post=312"}],"version-history":[{"count":2,"href":"https:\/\/pwd.drwinia.pl\/index.php?rest_route=\/wp\/v2\/pages\/312\/revisions"}],"predecessor-version":[{"id":316,"href":"https:\/\/pwd.drwinia.pl\/index.php?rest_route=\/wp\/v2\/pages\/312\/revisions\/316"}],"wp:attachment":[{"href":"https:\/\/pwd.drwinia.pl\/index.php?rest_route=%2Fwp%2Fv2%2Fmedia&parent=312"}],"curies":[{"name":"wp","href":"https:\/\/api.w.org\/{rel}","templated":true}]}}