{"id":273,"date":"2019-03-22T11:39:37","date_gmt":"2019-03-22T10:39:37","guid":{"rendered":"http:\/\/www.pwd.drwinia.pl\/?page_id=273"},"modified":"2021-05-06T21:34:03","modified_gmt":"2021-05-06T19:34:03","slug":"dokumenty-do-pobrania","status":"publish","type":"page","link":"https:\/\/pwd.drwinia.pl\/?page_id=273","title":{"rendered":"Dokumenty do pobrania"},"content":{"rendered":"<p>DOKUMENTY REKRUTACYJNE<\/p>\n<ol>\n<li><a href=\"https:\/\/pwd.drwinia.pl\/wp-content\/uploads\/2021\/05\/Regulamin-rekrutacji-wersja-DOC.doc\">Regulamin rekrutacji &#8211; wersja DOC<\/a><\/li>\n<li><a href=\"https:\/\/pwd.drwinia.pl\/wp-content\/uploads\/2021\/05\/Regulamin-rekrutacji-wersja-PDF.pdf\">Regulamin rekrutacji &#8211; wersja PDF<\/a><\/li>\n<li><a href=\"https:\/\/pwd.drwinia.pl\/wp-content\/uploads\/2021\/05\/Forumlarz-zg\u0142oszeniowy.doc\">Formularz zg\u0142oszeniowy &#8211; wersja DOC<\/a><\/li>\n<li><a href=\"https:\/\/pwd.drwinia.pl\/wp-content\/uploads\/2021\/05\/Forumlarz-zg\u0142oszeniowy.pdf\">Formularz zg\u0142oszeniowy &#8211; wersja PDF<\/a><\/li>\n<li><a href=\"https:\/\/pwd.drwinia.pl\/wp-content\/uploads\/2021\/05\/Za\u015bwiadczenie-z-Gminnego-O\u015brodka-Pomocy-Spo\u0142ecznej-w-Drwini.doc\">Za\u015bwiadczenie z Gminnego O\u015brodka Pomocy Spo\u0142ecznej w Drwini &#8211; wersja DOC<\/a><\/li>\n<li><a href=\"https:\/\/pwd.drwinia.pl\/wp-content\/uploads\/2021\/05\/Za\u015bwiadczenie-z-Gminnego-O\u015brodka-Pomocy-Spo\u0142ecznej-w-Drwini.pdf\">Za\u015bwiadczenie z Gminnego O\u015brodka Pomocy Spo\u0142ecznej w Drwini &#8211; wersja PDF<\/a><\/li>\n<li><a href=\"https:\/\/pwd.drwinia.pl\/wp-content\/uploads\/2021\/05\/Za\u0142\u0105cznik-nr-3-O\u015bwiadczenie-o-rezygnacji-z-udzia\u0142u-w-projekcie.doc\">O\u015bwiadczenie o rezygnacji z udzia\u0142u w projekcie &#8211; wersja DOC<\/a><\/li>\n<li><a href=\"https:\/\/pwd.drwinia.pl\/wp-content\/uploads\/2021\/05\/Za\u0142\u0105cznik-nr-3-O\u015bwiadczenie-o-rezygnacji-z-udzia\u0142u-w-projekcie.pdf\">O\u015bwiadczenie o rezygnacji z udzia\u0142u w projekcie &#8211; wersja PDF<\/a><\/li>\n<li><a href=\"https:\/\/pwd.drwinia.pl\/wp-content\/uploads\/2021\/05\/Za\u0142\u0105cznik-nr-4-do-Regulaminu-Deklaracja-uczestnictwa.doc\">Deklaracja uczestnictwa w projekcie &#8211; wersja DOC<\/a><\/li>\n<li><a href=\"https:\/\/pwd.drwinia.pl\/wp-content\/uploads\/2021\/05\/Za\u0142\u0105cznik-nr-4-do-Regulaminu-Deklaracja-uczestnictwa.pdf\">Deklaracja uczestnictwa w projekcie &#8211; wersja PDF<\/a><\/li>\n<li><a href=\"https:\/\/pwd.drwinia.pl\/wp-content\/uploads\/2021\/05\/Za\u0142\u0105cznik-nr-5-do-Regulaminu.doc\">O\u015bwiadczenie uczestnika projektu &#8211; wersja DOC<\/a><\/li>\n<li><a href=\"https:\/\/pwd.drwinia.pl\/wp-content\/uploads\/2021\/05\/Za\u0142\u0105cznik-nr-5-do-Regulaminu.pdf\">O\u015bwiadczenie uczestnika projektu &#8211; wersja PDF<\/a><\/li>\n<li><a href=\"https:\/\/pwd.drwinia.pl\/wp-content\/uploads\/2021\/05\/Za\u0142\u0105cznik-nr-6-do-Regulaminu.doc\">Zgoda na utrwalenie i rozpowszechnianie wizerunku uczestnika projektu &#8211; wersja DOC<\/a><\/li>\n<li><a href=\"https:\/\/pwd.drwinia.pl\/wp-content\/uploads\/2021\/05\/Za\u0142\u0105cznik-nr-6-do-Regulaminu.pdf\">Zgoda na utrwalenie i rozpowszechnianie wizerunku uczestnika projektu &#8211; wersja PDF<\/a><\/li>\n<\/ol>\n<p>POZOSTA\u0141E DOKUMENTY:<\/p>\n<ol>\n<li><a href=\"https:\/\/pwd.drwinia.pl\/wp-content\/uploads\/2021\/05\/Formularz.doc\">Powiadomienie o zamiarze skorzystania ze \u015bwiadczenia us\u0142ug t\u0142umacza PJM, SJM, SKOGN &#8211; wersja DOC<\/a><\/li>\n<li><a href=\"https:\/\/pwd.drwinia.pl\/wp-content\/uploads\/2021\/05\/Formularz.pdf\">Powiadomienie o zamiarze skorzystania ze \u015bwiadczenia us\u0142ug t\u0142umacza PJM, SJM, SKOGN &#8211; wersja PDF<\/a><\/li>\n<\/ol>\n","protected":false},"excerpt":{"rendered":"<p>DOKUMENTY REKRUTACYJNE Regulamin rekrutacji &#8211; wersja DOC Regulamin rekrutacji &#8211; wersja PDF Formularz zg\u0142oszeniowy &#8211; wersja DOC Formularz zg\u0142oszeniowy &#8211; wersja PDF Za\u015bwiadczenie z Gminnego O\u015brodka Pomocy Spo\u0142ecznej w Drwini &#8211; wersja DOC Za\u015bwiadczenie z Gminnego O\u015brodka Pomocy Spo\u0142ecznej w Drwini &#8211; wersja PDF O\u015bwiadczenie o rezygnacji z udzia\u0142u w projekcie &#8211; wersja DOC O\u015bwiadczenie &hellip; <\/p>\n<p class=\"link-more\"><a href=\"https:\/\/pwd.drwinia.pl\/?page_id=273\" class=\"more-link\">Czytaj dalej<span class=\"screen-reader-text\"> \u201eDokumenty do pobrania\u201d<\/span><\/a><\/p>\n","protected":false},"author":1,"featured_media":0,"parent":0,"menu_order":0,"comment_status":"closed","ping_status":"closed","template":"","meta":{"footnotes":""},"class_list":["post-273","page","type-page","status-publish","hentry"],"_links":{"self":[{"href":"https:\/\/pwd.drwinia.pl\/index.php?rest_route=\/wp\/v2\/pages\/273","targetHints":{"allow":["GET"]}}],"collection":[{"href":"https:\/\/pwd.drwinia.pl\/index.php?rest_route=\/wp\/v2\/pages"}],"about":[{"href":"https:\/\/pwd.drwinia.pl\/index.php?rest_route=\/wp\/v2\/types\/page"}],"author":[{"embeddable":true,"href":"https:\/\/pwd.drwinia.pl\/index.php?rest_route=\/wp\/v2\/users\/1"}],"replies":[{"embeddable":true,"href":"https:\/\/pwd.drwinia.pl\/index.php?rest_route=%2Fwp%2Fv2%2Fcomments&post=273"}],"version-history":[{"count":8,"href":"https:\/\/pwd.drwinia.pl\/index.php?rest_route=\/wp\/v2\/pages\/273\/revisions"}],"predecessor-version":[{"id":1121,"href":"https:\/\/pwd.drwinia.pl\/index.php?rest_route=\/wp\/v2\/pages\/273\/revisions\/1121"}],"wp:attachment":[{"href":"https:\/\/pwd.drwinia.pl\/index.php?rest_route=%2Fwp%2Fv2%2Fmedia&parent=273"}],"curies":[{"name":"wp","href":"https:\/\/api.w.org\/{rel}","templated":true}]}}